{"id":2259,"date":"2019-04-23T06:14:17","date_gmt":"2019-04-23T06:14:17","guid":{"rendered":"https:\/\/rendszergazda.doit.hu\/devops\/"},"modified":"2024-06-28T11:59:45","modified_gmt":"2024-06-28T11:59:45","slug":"devops","status":"publish","type":"page","link":"https:\/\/docca.hu\/en\/devops\/","title":{"rendered":"DevOps"},"content":{"rendered":"\n<style type=\"text\/css\" data-created_by=\"avia_inline_auto\" id=\"style-css-av-cldumb-26309ab9f6c99ce0404f6ce5fdff5d8e\">\n.avia-section.av-cldumb-26309ab9f6c99ce0404f6ce5fdff5d8e{\nbackground-color:#cddbeb;\nbackground-image:url(https:\/\/docca.hu\/wp-content\/uploads\/2019\/04\/rendszergazda_hd_no_bg.jpg);\nbackground-repeat:no-repeat;\nbackground-position:50% 50%;\nbackground-attachment:scroll;\n}\n<\/style>\n<div id='av_section_1'  class='avia-section av-cldumb-26309ab9f6c99ce0404f6ce5fdff5d8e main_color avia-section-no-padding avia-no-border-styling  avia-builder-el-0  el_before_av_section  avia-builder-el-first  av-medium-hide av-small-hide av-mini-hide avia-bg-style-scroll container_wrap sidebar_right'  data-section-bg-repeat='no-repeat'><div class='container av-section-cont-open' ><main  role=\"main\" itemprop=\"mainContentOfPage\"  class='template-page content  av-content-small alpha units'><div class='post-entry post-entry-type-page post-entry-2259'><div class='entry-content-wrapper clearfix'>\n<div class='flex_column_table av-a9gswj-5d4c90ec28acc9b9341c7252a30f7e88 sc-av_one_half av-equal-height-column-flextable'>\n<style type=\"text\/css\" data-created_by=\"avia_inline_auto\" id=\"style-css-av-a9gswj-5d4c90ec28acc9b9341c7252a30f7e88\">\n.flex_column.av-a9gswj-5d4c90ec28acc9b9341c7252a30f7e88{\nborder-radius:0px 0px 0px 0px;\npadding:20px 0px 20px 0px;\n}\n<\/style>\n<div  class='flex_column av-a9gswj-5d4c90ec28acc9b9341c7252a30f7e88 av_one_half  avia-builder-el-1  el_before_av_one_half  avia-builder-el-first  first flex_column_table_cell av-equal-height-column av-align-middle  '     ><\/div><div class='av-flex-placeholder'><\/div>\n<style type=\"text\/css\" data-created_by=\"avia_inline_auto\" id=\"style-css-av-9rtxyr-f66b1bb04de2e4c2051ed926307999e8\">\n.flex_column.av-9rtxyr-f66b1bb04de2e4c2051ed926307999e8{\nborder-radius:0px 0px 0px 0px;\npadding:50px 0px 35px 0px;\n}\n<\/style>\n<div  class='flex_column av-9rtxyr-f66b1bb04de2e4c2051ed926307999e8 av_one_half  avia-builder-el-2  el_after_av_one_half  avia-builder-el-last  flex_column_table_cell av-equal-height-column av-align-middle  '     ><style type=\"text\/css\" data-created_by=\"avia_inline_auto\" id=\"style-css-av-lx4ks2f2-7f742f4b11d5457be0aab9b4396c4673\">\n#top .av_textblock_section.av-lx4ks2f2-7f742f4b11d5457be0aab9b4396c4673 .avia_textblock{\nfont-size:15px;\ncolor:#ffffff;\n}\n<\/style>\n<section  class='av_textblock_section av-lx4ks2f2-7f742f4b11d5457be0aab9b4396c4673 '   itemscope=\"itemscope\" itemtype=\"https:\/\/schema.org\/CreativeWork\" ><div class='avia_textblock av_inherit_color'  itemprop=\"text\" ><h3><span class=\"TextRun SCXW255549907 BCX0\" lang=\"EN-GB\" xml:lang=\"EN-GB\" data-contrast=\"auto\"><span class=\"NormalTextRun SCXW255549907 BCX0\">DevOps tasks<\/span><\/span><span class=\"EOP SCXW255549907 BCX0\" data-ccp-props=\"{\">\u00a0<\/span><\/h3>\n<p><span class=\"TextRun SCXW253291654 BCX0\" lang=\"EN-GB\" xml:lang=\"EN-GB\" data-contrast=\"auto\"><span class=\"NormalTextRun SCXW253291654 BCX0\">When software development is performed, and the developer community uses these methods:<\/span><\/span><span class=\"EOP SCXW253291654 BCX0\" data-ccp-props=\"{\">\u00a0<\/span><\/p>\n<\/div><\/section><\/div><\/div><!--close column table wrapper. Autoclose: 1 -->\n\n<\/div><\/div><\/main><!-- close content main element --><\/div><\/div>\n<style type=\"text\/css\" data-created_by=\"avia_inline_auto\" id=\"style-css-av-7u60gz-f6876c8cd7b4128032963cab9137824b\">\n.avia-section.av-7u60gz-f6876c8cd7b4128032963cab9137824b{\nbackground-color:#1e3f6f;\nbackground-image:unset;\n}\n<\/style>\n<div id='av_section_2'  class='avia-section av-7u60gz-f6876c8cd7b4128032963cab9137824b main_color avia-section-small avia-no-border-styling  avia-builder-el-4  el_after_av_section  el_before_av_section  av-desktop-hide avia-bg-style-scroll container_wrap sidebar_right'  ><div class='container av-section-cont-open' ><div class='template-page content  av-content-small alpha units'><div class='post-entry post-entry-type-page post-entry-2259'><div class='entry-content-wrapper clearfix'>\n\n<style type=\"text\/css\" data-created_by=\"avia_inline_auto\" id=\"style-css-av-58s68j-e1b54a8f9b91ae557716743a3d23f316\">\n.flex_column.av-58s68j-e1b54a8f9b91ae557716743a3d23f316{\nborder-radius:0px 0px 0px 0px;\npadding:0px 0px 0px 0px;\n}\n<\/style>\n<div  class='flex_column av-58s68j-e1b54a8f9b91ae557716743a3d23f316 av_one_full  avia-builder-el-5  avia-builder-el-no-sibling  first flex_column_div av-zero-column-padding  '     ><style type=\"text\/css\" data-created_by=\"avia_inline_auto\" id=\"style-css-av-lx4kt7qx-9a62074a8cccf5fb25a597e5f1feeaaa\">\n#top .av_textblock_section.av-lx4kt7qx-9a62074a8cccf5fb25a597e5f1feeaaa .avia_textblock{\nfont-size:16px;\ncolor:#ffffff;\n}\n<\/style>\n<section  class='av_textblock_section av-lx4kt7qx-9a62074a8cccf5fb25a597e5f1feeaaa '   itemscope=\"itemscope\" itemtype=\"https:\/\/schema.org\/CreativeWork\" ><div class='avia_textblock av_inherit_color'  itemprop=\"text\" ><h3><span class=\"TextRun SCXW220788614 BCX0\" lang=\"EN-GB\" xml:lang=\"EN-GB\" data-contrast=\"auto\"><span class=\"NormalTextRun SCXW220788614 BCX0\"><span class=\"TextRun SCXW206029215 BCX0\" lang=\"EN-GB\" xml:lang=\"EN-GB\" data-contrast=\"auto\"><span class=\"NormalTextRun SCXW206029215 BCX0\">DevOps tasks<\/span><\/span><span class=\"EOP SCXW206029215 BCX0\" data-ccp-props=\"{\">\u00a0<\/span><\/span><\/span><\/h3>\n<p><span class=\"TextRun SCXW260237027 BCX0\" lang=\"EN-GB\" xml:lang=\"EN-GB\" data-contrast=\"auto\"><span class=\"NormalTextRun SCXW260237027 BCX0\">When software development is performed, and the developer community uses these methods:<\/span><\/span><span class=\"EOP SCXW260237027 BCX0\" data-ccp-props=\"{\">\u00a0<\/span><\/p>\n<\/div><\/section><\/div>\n\n<\/div><\/div><\/div><!-- close content main div --><\/div><\/div><div id='av_section_3'  class='avia-section av-3mm4fn-1f55e857fdead39d0c06fed5cca53dca main_color avia-section-default avia-no-border-styling  avia-builder-el-7  el_after_av_section  avia-builder-el-last  avia-bg-style-scroll container_wrap sidebar_right'  ><div class='container av-section-cont-open' ><div class='template-page content  av-content-small alpha units'><div class='post-entry post-entry-type-page post-entry-2259'><div class='entry-content-wrapper clearfix'>\n\n<style type=\"text\/css\" data-created_by=\"avia_inline_auto\" id=\"style-css-av-279hib-c06f3afaf0b79ce0d30aa4596e64342a\">\n.flex_column.av-279hib-c06f3afaf0b79ce0d30aa4596e64342a{\nborder-radius:0px 0px 0px 0px;\npadding:0px 0px 0px 0px;\n}\n<\/style>\n<div  class='flex_column av-279hib-c06f3afaf0b79ce0d30aa4596e64342a av_one_full  avia-builder-el-8  avia-builder-el-no-sibling  first flex_column_div av-zero-column-padding  '     ><p>\n<style type=\"text\/css\" data-created_by=\"avia_inline_auto\" id=\"style-css-av-lx4ktp7q-d73c0b16858510dac237b9f6bec1bb7c\">\n#top .av-special-heading.av-lx4ktp7q-d73c0b16858510dac237b9f6bec1bb7c{\npadding-bottom:30px;\n}\nbody .av-special-heading.av-lx4ktp7q-d73c0b16858510dac237b9f6bec1bb7c .av-special-heading-tag .heading-char{\nfont-size:25px;\n}\n.av-special-heading.av-lx4ktp7q-d73c0b16858510dac237b9f6bec1bb7c .av-subheading{\nfont-size:15px;\n}\n<\/style>\n<div  class='av-special-heading av-lx4ktp7q-d73c0b16858510dac237b9f6bec1bb7c av-special-heading-h1 blockquote modern-quote  avia-builder-el-9  el_before_av_textblock  avia-builder-el-first  av-linked-heading'><h1 class='av-special-heading-tag '  itemprop=\"headline\"  >OUR SERVICES FOR ORGANISATIONS USING DEVOPS <\/h1><div class=\"special-heading-border\"><div class=\"special-heading-inner-border\"><\/div><\/div><\/div><br \/>\n<section  class='av_textblock_section av-lx4kza8h-bbc004da48017a0dea27af84ea659f15 '   itemscope=\"itemscope\" itemtype=\"https:\/\/schema.org\/CreativeWork\" ><div class='avia_textblock'  itemprop=\"text\" ><div class=\"art-nostyle\">\n<div class=\"custom\">\n<div class=\"box0k\">\n<h2 class=\"box2k\">DevOps tasks<\/h2>\n<div class=\"box3k\">\n<p><span class=\"TextRun SCXW180434142 BCX0\" lang=\"EN-GB\" xml:lang=\"EN-GB\" data-contrast=\"auto\"><span class=\"NormalTextRun SCXW180434142 BCX0\">When software development is performed, and the developer community uses these methods:<\/span><\/span><span class=\"EOP SCXW180434142 BCX0\" data-ccp-props=\"{\">\u00a0<\/span><\/p>\n<\/div>\n<\/div>\n<\/div>\n<\/div>\n<div class=\"item-page\">\n<article class=\"art-post\">\n<div class=\"art-postcontent clearfix\">\n<div class=\"art-article\">\n<h3><span class=\"TextRun SCXW7060991 BCX0\" lang=\"EN-GB\" xml:lang=\"EN-GB\" data-contrast=\"auto\"><span class=\"NormalTextRun SCXW7060991 BCX0\">Our services for organisations using DevOps<\/span><\/span><span class=\"EOP SCXW7060991 BCX0\" data-ccp-props=\"{\">\u00a0<\/span><\/h3>\n<p><span class=\"TextRun SCXW263164422 BCX0\" lang=\"EN-GB\" xml:lang=\"EN-GB\" data-contrast=\"auto\"><span class=\"NormalTextRun SCXW263164422 BCX0\">DOCCA&#8217;s Linux technical team takes on DevOps tasks, contingent upon free <\/span><span class=\"NormalTextRun SCXW263164422 BCX0\">capacity<\/span><span class=\"NormalTextRun SCXW263164422 BCX0\">. We can also help you set up or streamline processes and manage the <\/span><span class=\"NormalTextRun SpellingErrorV2Themed SCXW263164422 BCX0\">infrastructure<\/span><span class=\"NormalTextRun SpellingErrorV2Themed SCXW263164422 BCX0\">related<\/span><span class=\"NormalTextRun SCXW263164422 BCX0\"> tasks of <\/span><span class=\"NormalTextRun SpellingErrorV2Themed SCXW263164422 BCX0\">day<\/span><span class=\"NormalTextRun SpellingErrorV2Themed SCXW263164422 BCX0\">to<\/span><span class=\"NormalTextRun SpellingErrorV2Themed SCXW263164422 BCX0\">day<\/span><span class=\"NormalTextRun SCXW263164422 BCX0\"> life and operations. For such services, we naturally work in close co<\/span><span class=\"NormalTextRun SCXW263164422 BCX0\">operation with our clients, <\/span><span class=\"NormalTextRun SCXW263164422 BCX0\">essentially becoming<\/span><span class=\"NormalTextRun SCXW263164422 BCX0\"> part of the organisation. Our services are <\/span><span class=\"NormalTextRun SpellingErrorV2Themed SCXW263164422 BCX0\">cost<\/span><span class=\"NormalTextRun SpellingErrorV2Themed SCXW263164422 BCX0\">effective<\/span><span class=\"NormalTextRun SCXW263164422 BCX0\"> to employ if instead of a <\/span><span class=\"NormalTextRun SpellingErrorV2Themed SCXW263164422 BCX0\">long<\/span><span class=\"NormalTextRun SpellingErrorV2Themed SCXW263164422 BCX0\">term<\/span><span class=\"NormalTextRun SCXW263164422 BCX0\">, 8<\/span><span class=\"NormalTextRun SCXW263164422 BCX0\">hour work of a Linux technician with senior <\/span><span class=\"NormalTextRun SpellingErrorV2Themed SCXW263164422 BCX0\">devops<\/span><span class=\"NormalTextRun SCXW263164422 BCX0\"> skills, our client only <\/span><span class=\"NormalTextRun SCXW263164422 BCX0\">requires<\/span><span class=\"NormalTextRun SCXW263164422 BCX0\"> 1<\/span><span class=\"NormalTextRun SCXW263164422 BCX0\">6 hours of work per day from DOCCA.<\/span><\/span><span class=\"EOP SCXW263164422 BCX0\" data-ccp-props=\"{\">\u00a0<\/span><\/p>\n<p><span class=\"TextRun SCXW247889900 BCX0\" lang=\"EN-GB\" xml:lang=\"EN-GB\" data-contrast=\"auto\"><span class=\"NormalTextRun SCXW247889900 BCX0\">If you are interested in our service, please contact us at <a href=\"https:\/\/docca.hu\/en\/contact\">https:\/\/docca.hu\/en\/contact<\/a>, and we will get back to you; we can also provide you with more information on this topic on the following phone number: <a href=\"callto: +36703733809\">+36 70 373 3809<\/a><\/span><\/span><span class=\"EOP SCXW247889900 BCX0\" data-ccp-props=\"{\">\u00a0<\/span><\/p>\n<h3><span class=\"TextRun SCXW189494514 BCX0\" lang=\"EN-GB\" xml:lang=\"EN-GB\" data-contrast=\"auto\"><span class=\"NormalTextRun SCXW189494514 BCX0\">We have experience with the following tools:<\/span><\/span><span class=\"EOP SCXW189494514 BCX0\" data-ccp-props=\"{\">\u00a0<\/span><\/h3>\n<ul>\n<li><span data-contrast=\"auto\">Jira<\/span><span data-ccp-props=\"{\">\u00a0<\/span><\/li>\n<li><span data-contrast=\"auto\">RabbitMQ<\/span><span data-ccp-props=\"{\">\u00a0<\/span><\/li>\n<li><span data-contrast=\"auto\">ActiveMQ<\/span><span data-ccp-props=\"{\">\u00a0<\/span><\/li>\n<li><span data-contrast=\"auto\">Redis<\/span><span data-ccp-props=\"{\">\u00a0<\/span><\/li>\n<li><span data-contrast=\"auto\">Docker, Kubernetes<\/span><span data-ccp-props=\"{\">\u00a0<\/span><\/li>\n<li><span data-contrast=\"auto\">ElasticSearch<\/span><span data-ccp-props=\"{\">\u00a0<\/span><\/li>\n<li><span data-contrast=\"auto\">Logstash<\/span><span data-ccp-props=\"{\">\u00a0<\/span><\/li>\n<li><span data-contrast=\"auto\">Memcached<\/span><span data-ccp-props=\"{\">\u00a0<\/span><\/li>\n<li><span data-contrast=\"auto\">Varnish<\/span><span data-ccp-props=\"{\">\u00a0<\/span><\/li>\n<li><span data-contrast=\"auto\">Ansible<\/span><span data-ccp-props=\"{\">\u00a0<\/span><\/li>\n<li><span data-contrast=\"auto\">Chef<\/span><span data-ccp-props=\"{\">\u00a0<\/span><\/li>\n<li><span data-contrast=\"auto\">Puppet<\/span><span data-ccp-props=\"{\">\u00a0<\/span><\/li>\n<li><span data-contrast=\"auto\">Git<\/span><span data-ccp-props=\"{\">\u00a0<\/span><\/li>\n<li><span data-contrast=\"auto\">Jenkins<\/span><\/li>\n<li><span data-contrast=\"auto\">Zabbix\/Nagios\/Munin\/Cacti\/stb.<\/span><\/li>\n<li><span data-contrast=\"auto\">Apache\/Tomcat\/Nginx (+Squid)<\/span><\/li>\n<li><span data-contrast=\"auto\">HaProxy<\/span><\/li>\n<li><span data-contrast=\"auto\">MySQL\/MariaDB\/Percona (cluster is)<\/span><\/li>\n<li><span data-contrast=\"auto\">MongoDB<\/span><\/li>\n<li><span data-contrast=\"auto\">Postgresql<\/span><\/li>\n<li><span data-contrast=\"auto\">fluentd<\/span><\/li>\n<li><span data-contrast=\"auto\">Prometheus \u00e9s Grafana<\/span><\/li>\n<li><span data-contrast=\"auto\">Redmine<\/span><\/li>\n<li><span data-contrast=\"auto\">Kibana<\/span><\/li>\n<li><span data-contrast=\"auto\">Nexus (npm + maven)<\/span><span data-ccp-props=\"{\">\u00a0<\/span><\/li>\n<\/ul>\n<\/div>\n<\/div>\n<\/article>\n<\/div>\n<\/div><\/section><\/p><\/div><\/div><\/div><\/div><!-- close content main div --><\/div><\/div><div id='after_section_3'  class='main_color av_default_container_wrap container_wrap sidebar_right'  ><div class='container av-section-cont-open' ><div class='template-page content  av-content-small alpha units'><div class='post-entry post-entry-type-page post-entry-2259'><div class='entry-content-wrapper clearfix'>\n","protected":false},"excerpt":{"rendered":"","protected":false},"author":7,"featured_media":0,"parent":0,"menu_order":0,"comment_status":"closed","ping_status":"closed","template":"","meta":{"footnotes":""},"class_list":["post-2259","page","type-page","status-publish","hentry"],"yoast_head":"<!-- This site is optimized with the Yoast SEO plugin v27.2 - https:\/\/yoast.com\/product\/yoast-seo-wordpress\/ -->\n<title>DevOps - Rendszergazda szolg\u00e1ltat\u00e1s<\/title>\n<meta name=\"description\" content=\"K\u00fcl\u00f6nb\u00f6z\u0151 szolg\u00e1ltat\u00e1sokat ny\u00fajtunk DevOps m\u0171k\u00f6d\u00e9s\u0171 szervezetek sz\u00e1m\u00e1ra: DOIT linuxos szakmai csoportja v\u00e1llal DevOps feladatokat.\" \/>\n<meta name=\"robots\" content=\"index, follow, max-snippet:-1, max-image-preview:large, max-video-preview:-1\" \/>\n<link rel=\"canonical\" href=\"https:\/\/docca.hu\/devops\/\" \/>\n<meta property=\"og:locale\" content=\"en_US\" \/>\n<meta property=\"og:type\" content=\"article\" \/>\n<meta property=\"og:title\" content=\"DevOps - Rendszergazda szolg\u00e1ltat\u00e1s\" \/>\n<meta property=\"og:description\" content=\"K\u00fcl\u00f6nb\u00f6z\u0151 szolg\u00e1ltat\u00e1sokat ny\u00fajtunk DevOps m\u0171k\u00f6d\u00e9s\u0171 szervezetek sz\u00e1m\u00e1ra: DOIT linuxos szakmai csoportja v\u00e1llal DevOps feladatokat.\" \/>\n<meta property=\"og:url\" content=\"https:\/\/docca.hu\/devops\/\" \/>\n<meta property=\"og:site_name\" content=\"Rendszergazda szolg\u00e1ltat\u00e1s\" \/>\n<meta property=\"article:publisher\" content=\"https:\/\/www.facebook.com\/DoccaZrt\" \/>\n<meta property=\"article:modified_time\" content=\"2024-06-28T11:59:45+00:00\" \/>\n<meta name=\"twitter:card\" content=\"summary_large_image\" \/>\n<meta name=\"twitter:label1\" content=\"Est. reading time\" \/>\n\t<meta name=\"twitter:data1\" content=\"4 minutes\" \/>\n<script type=\"application\/ld+json\" class=\"yoast-schema-graph\">{\"@context\":\"https:\/\/schema.org\",\"@graph\":[{\"@type\":\"WebPage\",\"@id\":\"https:\/\/docca.hu\/devops\/\",\"url\":\"https:\/\/docca.hu\/devops\/\",\"name\":\"DevOps - Rendszergazda szolg\u00e1ltat\u00e1s\",\"isPartOf\":{\"@id\":\"https:\/\/docca.hu\/#website\"},\"datePublished\":\"2019-04-23T06:14:17+00:00\",\"dateModified\":\"2024-06-28T11:59:45+00:00\",\"description\":\"K\u00fcl\u00f6nb\u00f6z\u0151 szolg\u00e1ltat\u00e1sokat ny\u00fajtunk DevOps m\u0171k\u00f6d\u00e9s\u0171 szervezetek sz\u00e1m\u00e1ra: DOIT linuxos szakmai csoportja v\u00e1llal DevOps feladatokat.\",\"breadcrumb\":{\"@id\":\"https:\/\/docca.hu\/devops\/#breadcrumb\"},\"inLanguage\":\"en-US\",\"potentialAction\":[{\"@type\":\"ReadAction\",\"target\":[\"https:\/\/docca.hu\/devops\/\"]}]},{\"@type\":\"BreadcrumbList\",\"@id\":\"https:\/\/docca.hu\/devops\/#breadcrumb\",\"itemListElement\":[{\"@type\":\"ListItem\",\"position\":1,\"name\":\"Home\",\"item\":\"https:\/\/docca.hu\/en\/\"},{\"@type\":\"ListItem\",\"position\":2,\"name\":\"DevOps\"}]},{\"@type\":\"WebSite\",\"@id\":\"https:\/\/docca.hu\/#website\",\"url\":\"https:\/\/docca.hu\/\",\"name\":\"Rendszergazda szolg\u00e1ltat\u00e1s\",\"description\":\"\",\"publisher\":{\"@id\":\"https:\/\/docca.hu\/#organization\"},\"potentialAction\":[{\"@type\":\"SearchAction\",\"target\":{\"@type\":\"EntryPoint\",\"urlTemplate\":\"https:\/\/docca.hu\/?s={search_term_string}\"},\"query-input\":{\"@type\":\"PropertyValueSpecification\",\"valueRequired\":true,\"valueName\":\"search_term_string\"}}],\"inLanguage\":\"en-US\"},{\"@type\":\"Organization\",\"@id\":\"https:\/\/docca.hu\/#organization\",\"name\":\"DOCCA Zrt.\",\"url\":\"https:\/\/docca.hu\/\",\"logo\":{\"@type\":\"ImageObject\",\"inLanguage\":\"en-US\",\"@id\":\"https:\/\/docca.hu\/#\/schema\/logo\/image\/\",\"url\":\"https:\/\/docca.hu\/wp-content\/uploads\/2023\/12\/doccanagy-300x132-300x132-1.png\",\"contentUrl\":\"https:\/\/docca.hu\/wp-content\/uploads\/2023\/12\/doccanagy-300x132-300x132-1.png\",\"width\":300,\"height\":132,\"caption\":\"DOCCA Zrt.\"},\"image\":{\"@id\":\"https:\/\/docca.hu\/#\/schema\/logo\/image\/\"},\"sameAs\":[\"https:\/\/www.facebook.com\/DoccaZrt\"]}]}<\/script>\n<!-- \/ Yoast SEO plugin. -->","yoast_head_json":{"title":"DevOps - Rendszergazda szolg\u00e1ltat\u00e1s","description":"K\u00fcl\u00f6nb\u00f6z\u0151 szolg\u00e1ltat\u00e1sokat ny\u00fajtunk DevOps m\u0171k\u00f6d\u00e9s\u0171 szervezetek sz\u00e1m\u00e1ra: DOIT linuxos szakmai csoportja v\u00e1llal DevOps feladatokat.","robots":{"index":"index","follow":"follow","max-snippet":"max-snippet:-1","max-image-preview":"max-image-preview:large","max-video-preview":"max-video-preview:-1"},"canonical":"https:\/\/docca.hu\/devops\/","og_locale":"en_US","og_type":"article","og_title":"DevOps - Rendszergazda szolg\u00e1ltat\u00e1s","og_description":"K\u00fcl\u00f6nb\u00f6z\u0151 szolg\u00e1ltat\u00e1sokat ny\u00fajtunk DevOps m\u0171k\u00f6d\u00e9s\u0171 szervezetek sz\u00e1m\u00e1ra: DOIT linuxos szakmai csoportja v\u00e1llal DevOps feladatokat.","og_url":"https:\/\/docca.hu\/devops\/","og_site_name":"Rendszergazda szolg\u00e1ltat\u00e1s","article_publisher":"https:\/\/www.facebook.com\/DoccaZrt","article_modified_time":"2024-06-28T11:59:45+00:00","twitter_card":"summary_large_image","twitter_misc":{"Est. reading time":"4 minutes"},"schema":{"@context":"https:\/\/schema.org","@graph":[{"@type":"WebPage","@id":"https:\/\/docca.hu\/devops\/","url":"https:\/\/docca.hu\/devops\/","name":"DevOps - Rendszergazda szolg\u00e1ltat\u00e1s","isPartOf":{"@id":"https:\/\/docca.hu\/#website"},"datePublished":"2019-04-23T06:14:17+00:00","dateModified":"2024-06-28T11:59:45+00:00","description":"K\u00fcl\u00f6nb\u00f6z\u0151 szolg\u00e1ltat\u00e1sokat ny\u00fajtunk DevOps m\u0171k\u00f6d\u00e9s\u0171 szervezetek sz\u00e1m\u00e1ra: DOIT linuxos szakmai csoportja v\u00e1llal DevOps feladatokat.","breadcrumb":{"@id":"https:\/\/docca.hu\/devops\/#breadcrumb"},"inLanguage":"en-US","potentialAction":[{"@type":"ReadAction","target":["https:\/\/docca.hu\/devops\/"]}]},{"@type":"BreadcrumbList","@id":"https:\/\/docca.hu\/devops\/#breadcrumb","itemListElement":[{"@type":"ListItem","position":1,"name":"Home","item":"https:\/\/docca.hu\/en\/"},{"@type":"ListItem","position":2,"name":"DevOps"}]},{"@type":"WebSite","@id":"https:\/\/docca.hu\/#website","url":"https:\/\/docca.hu\/","name":"Rendszergazda szolg\u00e1ltat\u00e1s","description":"","publisher":{"@id":"https:\/\/docca.hu\/#organization"},"potentialAction":[{"@type":"SearchAction","target":{"@type":"EntryPoint","urlTemplate":"https:\/\/docca.hu\/?s={search_term_string}"},"query-input":{"@type":"PropertyValueSpecification","valueRequired":true,"valueName":"search_term_string"}}],"inLanguage":"en-US"},{"@type":"Organization","@id":"https:\/\/docca.hu\/#organization","name":"DOCCA Zrt.","url":"https:\/\/docca.hu\/","logo":{"@type":"ImageObject","inLanguage":"en-US","@id":"https:\/\/docca.hu\/#\/schema\/logo\/image\/","url":"https:\/\/docca.hu\/wp-content\/uploads\/2023\/12\/doccanagy-300x132-300x132-1.png","contentUrl":"https:\/\/docca.hu\/wp-content\/uploads\/2023\/12\/doccanagy-300x132-300x132-1.png","width":300,"height":132,"caption":"DOCCA Zrt."},"image":{"@id":"https:\/\/docca.hu\/#\/schema\/logo\/image\/"},"sameAs":["https:\/\/www.facebook.com\/DoccaZrt"]}]}},"_links":{"self":[{"href":"https:\/\/docca.hu\/en\/wp-json\/wp\/v2\/pages\/2259","targetHints":{"allow":["GET"]}}],"collection":[{"href":"https:\/\/docca.hu\/en\/wp-json\/wp\/v2\/pages"}],"about":[{"href":"https:\/\/docca.hu\/en\/wp-json\/wp\/v2\/types\/page"}],"author":[{"embeddable":true,"href":"https:\/\/docca.hu\/en\/wp-json\/wp\/v2\/users\/7"}],"replies":[{"embeddable":true,"href":"https:\/\/docca.hu\/en\/wp-json\/wp\/v2\/comments?post=2259"}],"version-history":[{"count":4,"href":"https:\/\/docca.hu\/en\/wp-json\/wp\/v2\/pages\/2259\/revisions"}],"predecessor-version":[{"id":4757,"href":"https:\/\/docca.hu\/en\/wp-json\/wp\/v2\/pages\/2259\/revisions\/4757"}],"wp:attachment":[{"href":"https:\/\/docca.hu\/en\/wp-json\/wp\/v2\/media?parent=2259"}],"curies":[{"name":"wp","href":"https:\/\/api.w.org\/{rel}","templated":true}]}}