{"id":2262,"date":"2019-04-23T06:15:16","date_gmt":"2019-04-23T06:15:16","guid":{"rendered":"https:\/\/rendszergazda.doit.hu\/ajanlatkeres\/"},"modified":"2025-09-30T07:21:27","modified_gmt":"2025-09-30T07:21:27","slug":"contact","status":"publish","type":"page","link":"https:\/\/docca.hu\/en\/contact\/","title":{"rendered":"Contact"},"content":{"rendered":"\n<style type=\"text\/css\" data-created_by=\"avia_inline_auto\" id=\"style-css-av-ng82ee-e9ce791ce67a7adc9c302e9792cb3eca\">\n.avia-section.av-ng82ee-e9ce791ce67a7adc9c302e9792cb3eca{\nbackground-color:#cddbeb;\nbackground-image:url(https:\/\/docca.hu\/wp-content\/uploads\/2019\/04\/rendszergazda_hd_no_bg.jpg);\nbackground-repeat:no-repeat;\nbackground-position:50% 50%;\nbackground-attachment:scroll;\n}\n<\/style>\n<div id='av_section_1'  class='avia-section av-ng82ee-e9ce791ce67a7adc9c302e9792cb3eca main_color avia-section-small avia-no-border-styling  avia-builder-el-0  el_before_av_section  avia-builder-el-first  av-medium-hide av-small-hide av-mini-hide avia-bg-style-scroll container_wrap sidebar_right'  data-section-bg-repeat='no-repeat'><div class='container av-section-cont-open' ><main  role=\"main\" itemprop=\"mainContentOfPage\"  class='template-page content  av-content-small alpha units'><div class='post-entry post-entry-type-page post-entry-2262'><div class='entry-content-wrapper clearfix'>\n<div class='flex_column_table av-mqc50m-346a8893c9574537f92c0cc2782470b0 sc-av_one_half av-equal-height-column-flextable'>\n<style type=\"text\/css\" data-created_by=\"avia_inline_auto\" id=\"style-css-av-mqc50m-346a8893c9574537f92c0cc2782470b0\">\n.flex_column.av-mqc50m-346a8893c9574537f92c0cc2782470b0{\nborder-radius:0px 0px 0px 0px;\npadding:20px 0px 20px 0px;\n}\n<\/style>\n<div  class='flex_column av-mqc50m-346a8893c9574537f92c0cc2782470b0 av_one_half  avia-builder-el-1  el_before_av_one_half  avia-builder-el-first  first flex_column_table_cell av-equal-height-column av-align-middle  '     ><\/div><div class='av-flex-placeholder'><\/div>\n<style type=\"text\/css\" data-created_by=\"avia_inline_auto\" id=\"style-css-av-k0ou3a-d441fac5eb2e7beaa981cff61475f12e\">\n.flex_column.av-k0ou3a-d441fac5eb2e7beaa981cff61475f12e{\nborder-radius:0px 0px 0px 0px;\npadding:30px 0px 25px 0px;\n}\n<\/style>\n<div  class='flex_column av-k0ou3a-d441fac5eb2e7beaa981cff61475f12e av_one_half  avia-builder-el-2  el_after_av_one_half  avia-builder-el-last  flex_column_table_cell av-equal-height-column av-align-middle  '     ><style type=\"text\/css\" data-created_by=\"avia_inline_auto\" id=\"style-css-av-lx90y1te-e0c65c50eb175cc41ed0e0ecb158d6cf\">\n#top .av_textblock_section.av-lx90y1te-e0c65c50eb175cc41ed0e0ecb158d6cf .avia_textblock{\nfont-size:15px;\ncolor:#ffffff;\n}\n<\/style>\n<section  class='av_textblock_section av-lx90y1te-e0c65c50eb175cc41ed0e0ecb158d6cf '   itemscope=\"itemscope\" itemtype=\"https:\/\/schema.org\/CreativeWork\" ><div class='avia_textblock av_inherit_color'  itemprop=\"text\" ><h2><span class=\"TextRun SCXW33032183 BCX0\" lang=\"EN-GB\" xml:lang=\"EN-GB\" data-contrast=\"auto\"><span class=\"NormalTextRun SCXW33032183 BCX0\">IF YOU HAVE ANY QUESTIONS, CONTACT US VIA PHONE OR EMAIL.<\/span><\/span><span class=\"EOP SCXW33032183 BCX0\" data-ccp-props=\"{\">\u00a0<\/span><\/h2>\n<\/div><\/section><\/div><\/div><!--close column table wrapper. Autoclose: 1 -->\n\n<\/div><\/div><\/main><!-- close content main element --><\/div><\/div>\n<style type=\"text\/css\" data-created_by=\"avia_inline_auto\" id=\"style-css-av-jdsag6-8bf4c2c8f89c77d8f489389f1f4c401e\">\n.avia-section.av-jdsag6-8bf4c2c8f89c77d8f489389f1f4c401e{\nbackground-color:#1e3f6f;\nbackground-image:unset;\n}\n<\/style>\n<div id='av_section_2'  class='avia-section av-jdsag6-8bf4c2c8f89c77d8f489389f1f4c401e main_color avia-section-small avia-no-border-styling  avia-builder-el-4  el_after_av_section  el_before_av_section  av-desktop-hide avia-bg-style-scroll container_wrap sidebar_right'  ><div class='container av-section-cont-open' ><div class='template-page content  av-content-small alpha units'><div class='post-entry post-entry-type-page post-entry-2262'><div class='entry-content-wrapper clearfix'>\n\n<style type=\"text\/css\" data-created_by=\"avia_inline_auto\" id=\"style-css-av-hvcew6-9ba5a914188a1f252b29f25f8157fc41\">\n.flex_column.av-hvcew6-9ba5a914188a1f252b29f25f8157fc41{\nborder-radius:0px 0px 0px 0px;\npadding:0px 0px 0px 0px;\n}\n<\/style>\n<div  class='flex_column av-hvcew6-9ba5a914188a1f252b29f25f8157fc41 av_one_full  avia-builder-el-5  avia-builder-el-no-sibling  first flex_column_div av-zero-column-padding  '     ><style type=\"text\/css\" data-created_by=\"avia_inline_auto\" id=\"style-css-av-lx90yh50-268c6db468ddf68ff66257d5c3ed0fdf\">\n#top .av_textblock_section.av-lx90yh50-268c6db468ddf68ff66257d5c3ed0fdf .avia_textblock{\nfont-size:16px;\ncolor:#ffffff;\n}\n<\/style>\n<section  class='av_textblock_section av-lx90yh50-268c6db468ddf68ff66257d5c3ed0fdf '   itemscope=\"itemscope\" itemtype=\"https:\/\/schema.org\/CreativeWork\" ><div class='avia_textblock av_inherit_color'  itemprop=\"text\" ><h2 style=\"text-align: center;\"><span class=\"TextRun SCXW33032183 BCX0\" lang=\"EN-GB\" xml:lang=\"EN-GB\" data-contrast=\"auto\"><span class=\"NormalTextRun SCXW33032183 BCX0\">IF YOU HAVE ANY QUESTIONS, CONTACT US VIA PHONE OR EMAIL.<\/span><\/span><span class=\"EOP SCXW33032183 BCX0\" data-ccp-props=\"{\">\u00a0<\/span><\/h2>\n<\/div><\/section><\/div>\n\n<\/div><\/div><\/div><!-- close content main div --><\/div><\/div><div id='av_section_3'  class='avia-section av-f9acqu-b733f1da848966b430770d90cc6bbf5c main_color avia-section-no-padding avia-no-border-styling  avia-builder-el-7  el_after_av_section  el_before_av_codeblock  avia-bg-style-scroll container_wrap sidebar_right'  ><div class='container av-section-cont-open' ><div class='template-page content  av-content-small alpha units'><div class='post-entry post-entry-type-page post-entry-2262'><div class='entry-content-wrapper clearfix'>\n\n<style type=\"text\/css\" data-created_by=\"avia_inline_auto\" id=\"style-css-av-dgdodi-3a8b357585993a5dda4588e3056d1ad1\">\n.flex_column.av-dgdodi-3a8b357585993a5dda4588e3056d1ad1{\nborder-radius:0px 0px 0px 0px;\npadding:0px 0px 0px 0px;\n}\n<\/style>\n<div  class='flex_column av-dgdodi-3a8b357585993a5dda4588e3056d1ad1 av_one_full  avia-builder-el-8  el_before_av_one_half  avia-builder-el-first  first flex_column_div av-zero-column-padding  '     ><p>\n<style type=\"text\/css\" data-created_by=\"avia_inline_auto\" id=\"style-css-av-cdc2iu-6129e1d80c7d0d61632499f143047fe3\">\n#top .hr.hr-invisible.av-cdc2iu-6129e1d80c7d0d61632499f143047fe3{\nheight:30px;\n}\n<\/style>\n<div  class='hr av-cdc2iu-6129e1d80c7d0d61632499f143047fe3 hr-invisible  avia-builder-el-9  el_before_av_textblock  avia-builder-el-first '><span class='hr-inner '><span class=\"hr-inner-style\"><\/span><\/span><\/div><br \/>\n\n<style type=\"text\/css\" data-created_by=\"avia_inline_auto\" id=\"style-css-av-lx90z5dy-6b276b85a835e66f2cd8cace2d99ae13\">\n#top .av_textblock_section.av-lx90z5dy-6b276b85a835e66f2cd8cace2d99ae13 .avia_textblock{\nfont-size:16px;\n}\n<\/style>\n<section  class='av_textblock_section av-lx90z5dy-6b276b85a835e66f2cd8cace2d99ae13 '   itemscope=\"itemscope\" itemtype=\"https:\/\/schema.org\/CreativeWork\" ><div class='avia_textblock'  itemprop=\"text\" ><p style=\"text-align: center;\"><span class=\"TextRun SCXW670871 BCX0\" lang=\"EN-GB\" xml:lang=\"EN-GB\" data-contrast=\"auto\"><span class=\"NormalTextRun SCXW670871 BCX0\">You can easily and conveniently request a price quote by completing the form below. During working hours (9:00 a.m. to 6:00 p.m.) our staff will get back to you within 5<\/span><span class=\"NormalTextRun SCXW670871 BCX0\">35 minutes to answer your questions <\/span><span class=\"NormalTextRun SCXW670871 BCX0\">regarding<\/span><span class=\"NormalTextRun SCXW670871 BCX0\"> our system operation and system administration services.<\/span><\/span><span class=\"EOP SCXW670871 BCX0\" data-ccp-props=\"{\">\u00a0<\/span><\/p>\n<\/div><\/section><br \/>\n\n<style type=\"text\/css\" data-created_by=\"avia_inline_auto\" id=\"style-css-av-b4w9xi-a3b66ad8d03f7ac94f344f82efe93bbe\">\n#top .hr.av-b4w9xi-a3b66ad8d03f7ac94f344f82efe93bbe{\nmargin-top:10px;\nmargin-bottom:0px;\n}\n.hr.av-b4w9xi-a3b66ad8d03f7ac94f344f82efe93bbe .hr-inner{\nwidth:100%;\n}\n<\/style>\n<div  class='hr av-b4w9xi-a3b66ad8d03f7ac94f344f82efe93bbe hr-custom  avia-builder-el-11  el_after_av_textblock  avia-builder-el-last  hr-center hr-icon-no'><span class='hr-inner inner-border-av-border-thin'><span class=\"hr-inner-style\"><\/span><\/span><\/div><\/p><\/div>\n<style type=\"text\/css\" data-created_by=\"avia_inline_auto\" id=\"style-css-av-8yicfa-d300f39db267d8368244f962c7233cc4\">\n.flex_column.av-8yicfa-d300f39db267d8368244f962c7233cc4{\nborder-radius:0px 0px 0px 0px;\npadding:0px 0px 0px 0px;\n}\n<\/style>\n<div  class='flex_column av-8yicfa-d300f39db267d8368244f962c7233cc4 av_one_half  avia-builder-el-12  el_after_av_one_full  el_before_av_one_half  first flex_column_div av-hide-on-mobile av-zero-column-padding  column-top-margin'     ><p>\n<style type=\"text\/css\" data-created_by=\"avia_inline_auto\" id=\"style-css-av-7la0eu-e8b76d8866ab7207b9108e22ba61f39d\">\n#top .av-special-heading.av-7la0eu-e8b76d8866ab7207b9108e22ba61f39d{\npadding-bottom:20px;\n}\nbody .av-special-heading.av-7la0eu-e8b76d8866ab7207b9108e22ba61f39d .av-special-heading-tag .heading-char{\nfont-size:25px;\n}\n.av-special-heading.av-7la0eu-e8b76d8866ab7207b9108e22ba61f39d .av-subheading{\nfont-size:15px;\n}\n<\/style>\n<div  class='av-special-heading av-7la0eu-e8b76d8866ab7207b9108e22ba61f39d av-special-heading-h3 blockquote modern-quote  avia-builder-el-13  el_before_av_textblock  avia-builder-el-first  av-linked-heading'><h3 class='av-special-heading-tag '  itemprop=\"headline\"  >DOCCA Zrt.<\/h3><div class=\"special-heading-border\"><div class=\"special-heading-inner-border\"><\/div><\/div><\/div><br \/>\n<section  class='av_textblock_section av-lx910cb7-b031e52d9aa6353615d48fee5304074f '   itemscope=\"itemscope\" itemtype=\"https:\/\/schema.org\/CreativeWork\" ><div class='avia_textblock'  itemprop=\"text\" ><p><strong><span class=\"TextRun SCXW254135553 BCX0\" lang=\"EN-GB\" xml:lang=\"EN-GB\" data-contrast=\"auto\"><span class=\"NormalTextRun SCXW254135553 BCX0\">Sales\/Contact<\/span><\/span>: <\/strong><\/p>\n<p>T\u00edmea K\u00e1roly: <strong><a href=\"calto:+36204245071\">+36 20 424 5071<\/a><\/strong><\/p>\n<p>\u00c1kos T\u00f6r\u00f6k: <strong><a href=\"calto:+36703370933\">+36 70 337 0933<\/a><\/strong><\/p>\n<p><strong>Technical support for our already contracted customers: <a href=\"tel: 0619990466\">+36 1 999 0466<\/a><\/strong><\/p>\n<p><strong>Email:\u00a0\u00a0<a href=\"mailto:rendszergazda-szolgaltatas2@doit.hu\">rendszergazda-szolgaltatas2@docca.hu<\/a><\/strong><\/p>\n<p><strong><span class=\"TextRun SCXW128393800 BCX0\" lang=\"EN-GB\" xml:lang=\"EN-GB\" data-contrast=\"auto\"><span class=\"NormalTextRun SCXW128393800 BCX0\">Head office<\/span><\/span>:<\/strong> <span class=\"NormalTextRun SCXW128393800 BCX0\">1123 Budapest, Gy\u0151ri <\/span><span class=\"NormalTextRun SpellingErrorV2Themed SCXW128393800 BCX0\">\u00fat<\/span><span class=\"NormalTextRun SCXW128393800 BCX0\"> 2\/C, Floor 2, Door 6<\/span> \u00a0 <span style=\"text-decoration: underline;\"><strong><a title=\"T\u00e9rk\u00e9p\" href=\"https:\/\/maps.app.goo.gl\/EDtfuvNtgLqYtcb4A\" target=\"_blank\" rel=\"noopener\">[Google Maps]<\/a><\/strong><\/span><\/p>\n<\/div><\/section><br \/>\n\n<style type=\"text\/css\" data-created_by=\"avia_inline_auto\" id=\"style-css-av-656d9i-4793f4e80815cb7a3c79a9fa3e23ed97\">\n#top .hr.hr-invisible.av-656d9i-4793f4e80815cb7a3c79a9fa3e23ed97{\nheight:20px;\n}\n<\/style>\n<div  class='hr av-656d9i-4793f4e80815cb7a3c79a9fa3e23ed97 hr-invisible  avia-builder-el-15  el_after_av_textblock  el_before_av_textblock '><span class='hr-inner '><span class=\"hr-inner-style\"><\/span><\/span><\/div><br \/>\n<section  class='av_textblock_section av-lx911cau-4ad68c0223d784162497b807df167471 '   itemscope=\"itemscope\" itemtype=\"https:\/\/schema.org\/CreativeWork\" ><div class='avia_textblock'  itemprop=\"text\" ><p><strong><span class=\"TextRun SCXW107683428 BCX0\" lang=\"EN-GB\" xml:lang=\"EN-GB\" data-contrast=\"auto\"><span class=\"NormalTextRun SCXW107683428 BCX0\">EU VAT number<\/span><\/span>: <\/strong>HU27428014<\/p>\n<p><strong><span class=\"TextRun SCXW87339473 BCX0\" lang=\"EN-GB\" xml:lang=\"EN-GB\" data-contrast=\"auto\"><span class=\"NormalTextRun SCXW87339473 BCX0\">Tax number<\/span><\/span>:<\/strong> 27428014-2-43 <span class=\"TextRun SCXW57669950 BCX0\" lang=\"EN-GB\" xml:lang=\"EN-GB\" data-contrast=\"auto\"><span class=\"NormalTextRun SCXW57669950 BCX0\">(NAV \u201ctaxpayer with no public debt\u201d and NAV \u201creliable taxpayer\u201d)<\/span><\/span><span class=\"EOP SCXW57669950 BCX0\" data-ccp-props=\"{\">\u00a0<\/span><\/p>\n<p><strong><span class=\"TextRun SCXW61986315 BCX0\" lang=\"EN-GB\" xml:lang=\"EN-GB\" data-contrast=\"auto\"><span class=\"NormalTextRun SCXW61986315 BCX0\">Professional IT Indemnity Insurance Provider<\/span><\/span>:<\/strong> Colonnade (<span class=\"TextRun SCXW120682422 BCX0\" lang=\"EN-GB\" xml:lang=\"EN-GB\" data-contrast=\"auto\"><span class=\"NormalTextRun SCXW120682422 BCX0\">formerly:<\/span><\/span>\u00a0AIG)<\/p>\n<p><strong>Dun &amp; Bradstreet D-U-N-S\u00ae Bisnode code:<\/strong>\u00a042-603-9355<\/p>\n<\/div><\/section><\/p><\/div>\n<style type=\"text\/css\" data-created_by=\"avia_inline_auto\" id=\"style-css-av-4bz6t2-203a05551fc81f87f3d3f4d45ca7d4d9\">\n.flex_column.av-4bz6t2-203a05551fc81f87f3d3f4d45ca7d4d9{\nborder-radius:0px 0px 0px 0px;\npadding:0px 0px 0px 0px;\n}\n<\/style>\n<div  class='flex_column av-4bz6t2-203a05551fc81f87f3d3f4d45ca7d4d9 av_one_half  avia-builder-el-17  el_after_av_one_half  avia-builder-el-last  flex_column_div av-zero-column-padding  column-top-margin'     ><\/div><\/div><\/div><\/div><!-- close content main div --><\/div><\/div><div id='after_section_3'  class='main_color av_default_container_wrap container_wrap sidebar_right'  ><div class='container av-section-cont-open' ><div class='template-page content  av-content-small alpha units'><div class='post-entry post-entry-type-page post-entry-2262'><div class='entry-content-wrapper clearfix'><\/p>\n","protected":false},"excerpt":{"rendered":"","protected":false},"author":7,"featured_media":0,"parent":0,"menu_order":0,"comment_status":"closed","ping_status":"closed","template":"","meta":{"footnotes":""},"class_list":["post-2262","page","type-page","status-publish","hentry"],"yoast_head":"<!-- This site is optimized with the Yoast SEO plugin v27.2 - https:\/\/yoast.com\/product\/yoast-seo-wordpress\/ -->\n<title>Contact - Rendszergazda szolg\u00e1ltat\u00e1s<\/title>\n<meta name=\"description\" content=\"If you have any questions,we are looking forward to your call and email!\" \/>\n<meta name=\"robots\" content=\"index, follow, max-snippet:-1, max-image-preview:large, max-video-preview:-1\" \/>\n<link rel=\"canonical\" href=\"https:\/\/docca.hu\/en\/contact\/\" \/>\n<meta property=\"og:locale\" content=\"en_US\" \/>\n<meta property=\"og:type\" content=\"article\" \/>\n<meta property=\"og:title\" content=\"Rendszergazda szolg\u00e1ltat\u00e1s\" \/>\n<meta property=\"og:description\" content=\"If you have any questions,we are looking forward to your call and email!\" \/>\n<meta property=\"og:url\" content=\"https:\/\/docca.hu\/en\/contact\/\" \/>\n<meta property=\"og:site_name\" content=\"Rendszergazda szolg\u00e1ltat\u00e1s\" \/>\n<meta property=\"article:publisher\" content=\"https:\/\/www.facebook.com\/DoccaZrt\" \/>\n<meta property=\"article:modified_time\" content=\"2025-09-30T07:21:27+00:00\" \/>\n<meta name=\"twitter:card\" content=\"summary_large_image\" \/>\n<meta name=\"twitter:label1\" content=\"Est. reading time\" \/>\n\t<meta name=\"twitter:data1\" content=\"1 minute\" \/>\n<script type=\"application\/ld+json\" class=\"yoast-schema-graph\">{\"@context\":\"https:\/\/schema.org\",\"@graph\":[{\"@type\":\"WebPage\",\"@id\":\"https:\/\/docca.hu\/en\/contact\/\",\"url\":\"https:\/\/docca.hu\/en\/contact\/\",\"name\":\"Contact - Rendszergazda szolg\u00e1ltat\u00e1s\",\"isPartOf\":{\"@id\":\"https:\/\/docca.hu\/#website\"},\"datePublished\":\"2019-04-23T06:15:16+00:00\",\"dateModified\":\"2025-09-30T07:21:27+00:00\",\"description\":\"If you have any questions,we are looking forward to your call and email!\",\"breadcrumb\":{\"@id\":\"https:\/\/docca.hu\/en\/contact\/#breadcrumb\"},\"inLanguage\":\"en-US\",\"potentialAction\":[{\"@type\":\"ReadAction\",\"target\":[\"https:\/\/docca.hu\/en\/contact\/\"]}]},{\"@type\":\"BreadcrumbList\",\"@id\":\"https:\/\/docca.hu\/en\/contact\/#breadcrumb\",\"itemListElement\":[{\"@type\":\"ListItem\",\"position\":1,\"name\":\"Home\",\"item\":\"https:\/\/docca.hu\/en\/\"},{\"@type\":\"ListItem\",\"position\":2,\"name\":\"Contact\"}]},{\"@type\":\"WebSite\",\"@id\":\"https:\/\/docca.hu\/#website\",\"url\":\"https:\/\/docca.hu\/\",\"name\":\"Rendszergazda szolg\u00e1ltat\u00e1s\",\"description\":\"\",\"publisher\":{\"@id\":\"https:\/\/docca.hu\/#organization\"},\"potentialAction\":[{\"@type\":\"SearchAction\",\"target\":{\"@type\":\"EntryPoint\",\"urlTemplate\":\"https:\/\/docca.hu\/?s={search_term_string}\"},\"query-input\":{\"@type\":\"PropertyValueSpecification\",\"valueRequired\":true,\"valueName\":\"search_term_string\"}}],\"inLanguage\":\"en-US\"},{\"@type\":\"Organization\",\"@id\":\"https:\/\/docca.hu\/#organization\",\"name\":\"DOCCA Zrt.\",\"url\":\"https:\/\/docca.hu\/\",\"logo\":{\"@type\":\"ImageObject\",\"inLanguage\":\"en-US\",\"@id\":\"https:\/\/docca.hu\/#\/schema\/logo\/image\/\",\"url\":\"https:\/\/docca.hu\/wp-content\/uploads\/2023\/12\/doccanagy-300x132-300x132-1.png\",\"contentUrl\":\"https:\/\/docca.hu\/wp-content\/uploads\/2023\/12\/doccanagy-300x132-300x132-1.png\",\"width\":300,\"height\":132,\"caption\":\"DOCCA Zrt.\"},\"image\":{\"@id\":\"https:\/\/docca.hu\/#\/schema\/logo\/image\/\"},\"sameAs\":[\"https:\/\/www.facebook.com\/DoccaZrt\"]}]}<\/script>\n<!-- \/ Yoast SEO plugin. -->","yoast_head_json":{"title":"Contact - Rendszergazda szolg\u00e1ltat\u00e1s","description":"If you have any questions,we are looking forward to your call and email!","robots":{"index":"index","follow":"follow","max-snippet":"max-snippet:-1","max-image-preview":"max-image-preview:large","max-video-preview":"max-video-preview:-1"},"canonical":"https:\/\/docca.hu\/en\/contact\/","og_locale":"en_US","og_type":"article","og_title":"Rendszergazda szolg\u00e1ltat\u00e1s","og_description":"If you have any questions,we are looking forward to your call and email!","og_url":"https:\/\/docca.hu\/en\/contact\/","og_site_name":"Rendszergazda szolg\u00e1ltat\u00e1s","article_publisher":"https:\/\/www.facebook.com\/DoccaZrt","article_modified_time":"2025-09-30T07:21:27+00:00","twitter_card":"summary_large_image","twitter_misc":{"Est. reading time":"1 minute"},"schema":{"@context":"https:\/\/schema.org","@graph":[{"@type":"WebPage","@id":"https:\/\/docca.hu\/en\/contact\/","url":"https:\/\/docca.hu\/en\/contact\/","name":"Contact - Rendszergazda szolg\u00e1ltat\u00e1s","isPartOf":{"@id":"https:\/\/docca.hu\/#website"},"datePublished":"2019-04-23T06:15:16+00:00","dateModified":"2025-09-30T07:21:27+00:00","description":"If you have any questions,we are looking forward to your call and email!","breadcrumb":{"@id":"https:\/\/docca.hu\/en\/contact\/#breadcrumb"},"inLanguage":"en-US","potentialAction":[{"@type":"ReadAction","target":["https:\/\/docca.hu\/en\/contact\/"]}]},{"@type":"BreadcrumbList","@id":"https:\/\/docca.hu\/en\/contact\/#breadcrumb","itemListElement":[{"@type":"ListItem","position":1,"name":"Home","item":"https:\/\/docca.hu\/en\/"},{"@type":"ListItem","position":2,"name":"Contact"}]},{"@type":"WebSite","@id":"https:\/\/docca.hu\/#website","url":"https:\/\/docca.hu\/","name":"Rendszergazda szolg\u00e1ltat\u00e1s","description":"","publisher":{"@id":"https:\/\/docca.hu\/#organization"},"potentialAction":[{"@type":"SearchAction","target":{"@type":"EntryPoint","urlTemplate":"https:\/\/docca.hu\/?s={search_term_string}"},"query-input":{"@type":"PropertyValueSpecification","valueRequired":true,"valueName":"search_term_string"}}],"inLanguage":"en-US"},{"@type":"Organization","@id":"https:\/\/docca.hu\/#organization","name":"DOCCA Zrt.","url":"https:\/\/docca.hu\/","logo":{"@type":"ImageObject","inLanguage":"en-US","@id":"https:\/\/docca.hu\/#\/schema\/logo\/image\/","url":"https:\/\/docca.hu\/wp-content\/uploads\/2023\/12\/doccanagy-300x132-300x132-1.png","contentUrl":"https:\/\/docca.hu\/wp-content\/uploads\/2023\/12\/doccanagy-300x132-300x132-1.png","width":300,"height":132,"caption":"DOCCA Zrt."},"image":{"@id":"https:\/\/docca.hu\/#\/schema\/logo\/image\/"},"sameAs":["https:\/\/www.facebook.com\/DoccaZrt"]}]}},"_links":{"self":[{"href":"https:\/\/docca.hu\/en\/wp-json\/wp\/v2\/pages\/2262","targetHints":{"allow":["GET"]}}],"collection":[{"href":"https:\/\/docca.hu\/en\/wp-json\/wp\/v2\/pages"}],"about":[{"href":"https:\/\/docca.hu\/en\/wp-json\/wp\/v2\/types\/page"}],"author":[{"embeddable":true,"href":"https:\/\/docca.hu\/en\/wp-json\/wp\/v2\/users\/7"}],"replies":[{"embeddable":true,"href":"https:\/\/docca.hu\/en\/wp-json\/wp\/v2\/comments?post=2262"}],"version-history":[{"count":5,"href":"https:\/\/docca.hu\/en\/wp-json\/wp\/v2\/pages\/2262\/revisions"}],"predecessor-version":[{"id":6822,"href":"https:\/\/docca.hu\/en\/wp-json\/wp\/v2\/pages\/2262\/revisions\/6822"}],"wp:attachment":[{"href":"https:\/\/docca.hu\/en\/wp-json\/wp\/v2\/media?parent=2262"}],"curies":[{"name":"wp","href":"https:\/\/api.w.org\/{rel}","templated":true}]}}