{"id":6187,"date":"2025-08-01T07:16:36","date_gmt":"2025-08-01T07:16:36","guid":{"rendered":"https:\/\/docca.hu\/?page_id=6187"},"modified":"2025-10-28T07:41:35","modified_gmt":"2025-10-28T07:41:35","slug":"privacy-policy-and-consent","status":"publish","type":"page","link":"https:\/\/docca.hu\/en\/privacy-policy-and-consent\/","title":{"rendered":"Adatkezel\u00e9si nyilatkozat"},"content":{"rendered":"<div id='av_section_1'  class='avia-section av-2j60at-040c22aa08e2836190a99ae15b26556f main_color avia-section-default avia-no-border-styling  avia-builder-el-0  avia-builder-el-no-sibling  avia-bg-style-scroll container_wrap sidebar_right'  ><div class='container av-section-cont-open' ><main  role=\"main\" itemprop=\"mainContentOfPage\"  class='template-page content  av-content-small alpha units'><div class='post-entry post-entry-type-page post-entry-6187'><div class='entry-content-wrapper clearfix'>\n\n<style type=\"text\/css\" data-created_by=\"avia_inline_auto\" id=\"style-css-av-mdpnd630-51eb8ac798548ea6e890055763ad6167\">\n#top .av-special-heading.av-mdpnd630-51eb8ac798548ea6e890055763ad6167{\npadding-bottom:10px;\n}\nbody .av-special-heading.av-mdpnd630-51eb8ac798548ea6e890055763ad6167 .av-special-heading-tag .heading-char{\nfont-size:25px;\n}\n.av-special-heading.av-mdpnd630-51eb8ac798548ea6e890055763ad6167 .av-subheading{\nfont-size:15px;\n}\n<\/style>\n<div  class='av-special-heading av-mdpnd630-51eb8ac798548ea6e890055763ad6167 av-special-heading-h2 blockquote modern-quote modern-centered  avia-builder-el-1  el_before_av_heading  avia-builder-el-first '><h2 class='av-special-heading-tag '  itemprop=\"headline\"  >Data Processing Declaration and Consent<\/h2><div class=\"special-heading-border\"><div class=\"special-heading-inner-border\"><\/div><\/div><\/div>\n\n<style type=\"text\/css\" data-created_by=\"avia_inline_auto\" id=\"style-css-av-mdpnku4d-d972a85af691d3fc3261fd94af3abb11\">\n#top .av-special-heading.av-mdpnku4d-d972a85af691d3fc3261fd94af3abb11{\npadding-bottom:10px;\n}\nbody .av-special-heading.av-mdpnku4d-d972a85af691d3fc3261fd94af3abb11 .av-special-heading-tag .heading-char{\nfont-size:25px;\n}\n.av-special-heading.av-mdpnku4d-d972a85af691d3fc3261fd94af3abb11 .av-subheading{\nfont-size:15px;\n}\n<\/style>\n<div  class='av-special-heading av-mdpnku4d-d972a85af691d3fc3261fd94af3abb11 av-special-heading-h3 blockquote modern-quote  avia-builder-el-2  el_after_av_heading  el_before_av_textblock '><h3 class='av-special-heading-tag '  itemprop=\"headline\"  >Dear Enquirer,<\/h3><div class=\"special-heading-border\"><div class=\"special-heading-inner-border\"><\/div><\/div><\/div>\n<section  class='av_textblock_section av-mdpnla9h-870ba44147f6b2fddedfb17d8548d856 '   itemscope=\"itemscope\" itemtype=\"https:\/\/schema.org\/CreativeWork\" ><div class='avia_textblock'  itemprop=\"text\" ><p>It is important to us that when you contact DOCCA Zrt., you know what happens to the data you provide. This notice explains how we process this data and what we use it for.<\/p>\n<\/div><\/section>\n\n<style type=\"text\/css\" data-created_by=\"avia_inline_auto\" id=\"style-css-av-mdpnm08g-6833816557d4e6ed700e90812bbd0f15\">\n#top .av-special-heading.av-mdpnm08g-6833816557d4e6ed700e90812bbd0f15{\npadding-bottom:10px;\n}\nbody .av-special-heading.av-mdpnm08g-6833816557d4e6ed700e90812bbd0f15 .av-special-heading-tag .heading-char{\nfont-size:25px;\n}\n.av-special-heading.av-mdpnm08g-6833816557d4e6ed700e90812bbd0f15 .av-subheading{\nfont-size:15px;\n}\n<\/style>\n<div  class='av-special-heading av-mdpnm08g-6833816557d4e6ed700e90812bbd0f15 av-special-heading-h3 blockquote modern-quote  avia-builder-el-4  el_after_av_textblock  el_before_av_textblock '><h3 class='av-special-heading-tag '  itemprop=\"headline\"  >Who processes your data?<\/h3><div class=\"special-heading-border\"><div class=\"special-heading-inner-border\"><\/div><\/div><\/div>\n<section  class='av_textblock_section av-mdpnmg9y-92d0e3eec5c197d2293440d48ce06430 '   itemscope=\"itemscope\" itemtype=\"https:\/\/schema.org\/CreativeWork\" ><div class='avia_textblock'  itemprop=\"text\" ><p>Your data is processed by DOCCA Zrt. Our address: H-1123 Budapest, Gy\u0151ri \u00fat 2\/C, 2. emelet 6 Our Managing Director: \u00c1kos Zolt\u00e1n T\u00f6r\u00f6k If you have any questions regarding processing, please email or call us. You can find our contact details below.<\/p>\n<\/div><\/section>\n\n<style type=\"text\/css\" data-created_by=\"avia_inline_auto\" id=\"style-css-av-mdpnn13k-71ba5cfe8f607cd675f71c0ff79f8a7c\">\n#top .av-special-heading.av-mdpnn13k-71ba5cfe8f607cd675f71c0ff79f8a7c{\npadding-bottom:10px;\n}\nbody .av-special-heading.av-mdpnn13k-71ba5cfe8f607cd675f71c0ff79f8a7c .av-special-heading-tag .heading-char{\nfont-size:25px;\n}\n.av-special-heading.av-mdpnn13k-71ba5cfe8f607cd675f71c0ff79f8a7c .av-subheading{\nfont-size:15px;\n}\n<\/style>\n<div  class='av-special-heading av-mdpnn13k-71ba5cfe8f607cd675f71c0ff79f8a7c av-special-heading-h3 blockquote modern-quote  avia-builder-el-6  el_after_av_textblock  el_before_av_textblock '><h3 class='av-special-heading-tag '  itemprop=\"headline\"  >What do we do with your data?<\/h3><div class=\"special-heading-border\"><div class=\"special-heading-inner-border\"><\/div><\/div><\/div>\n<section  class='av_textblock_section av-mdpnneg4-17957e2d26fd5179946ef19428cd5ec4 '   itemscope=\"itemscope\" itemtype=\"https:\/\/schema.org\/CreativeWork\" ><div class='avia_textblock'  itemprop=\"text\" ><p>We treat your data confidentially and always comply with applicable data protection laws. Our goal is to ensure the protection, lawfulness, and confidentiality of your data.<\/p>\n<\/div><\/section>\n\n<style type=\"text\/css\" data-created_by=\"avia_inline_auto\" id=\"style-css-av-mdpnobci-3c49bc1e67398f6154b9f2c62a94acf0\">\n#top .av-special-heading.av-mdpnobci-3c49bc1e67398f6154b9f2c62a94acf0{\npadding-bottom:10px;\n}\nbody .av-special-heading.av-mdpnobci-3c49bc1e67398f6154b9f2c62a94acf0 .av-special-heading-tag .heading-char{\nfont-size:25px;\n}\n.av-special-heading.av-mdpnobci-3c49bc1e67398f6154b9f2c62a94acf0 .av-subheading{\nfont-size:15px;\n}\n<\/style>\n<div  class='av-special-heading av-mdpnobci-3c49bc1e67398f6154b9f2c62a94acf0 av-special-heading-h3 blockquote modern-quote  avia-builder-el-8  el_after_av_textblock  el_before_av_textblock '><h3 class='av-special-heading-tag '  itemprop=\"headline\"  >What data do we collect from you?<\/h3><div class=\"special-heading-border\"><div class=\"special-heading-inner-border\"><\/div><\/div><\/div>\n<section  class='av_textblock_section av-mdpnosvb-b33b266271603bb864a3fa535ba0fb24 '   itemscope=\"itemscope\" itemtype=\"https:\/\/schema.org\/CreativeWork\" ><div class='avia_textblock'  itemprop=\"text\" ><p>When you contact us, we request and process the following data:<\/p>\n<ul>\n<li>Contact details: name, email address, phone number.<\/li>\n<li>Other information: Any other data you provide to us during the request for a quote.<\/li>\n<\/ul>\n<p>We always receive the data from you.<\/p>\n<\/div><\/section>\n\n<style type=\"text\/css\" data-created_by=\"avia_inline_auto\" id=\"style-css-av-mdpnph5z-d7f7d37895f8d3996bb42e6bb77c422c\">\n#top .av-special-heading.av-mdpnph5z-d7f7d37895f8d3996bb42e6bb77c422c{\npadding-bottom:10px;\n}\nbody .av-special-heading.av-mdpnph5z-d7f7d37895f8d3996bb42e6bb77c422c .av-special-heading-tag .heading-char{\nfont-size:25px;\n}\n.av-special-heading.av-mdpnph5z-d7f7d37895f8d3996bb42e6bb77c422c .av-subheading{\nfont-size:15px;\n}\n<\/style>\n<div  class='av-special-heading av-mdpnph5z-d7f7d37895f8d3996bb42e6bb77c422c av-special-heading-h3 blockquote modern-quote  avia-builder-el-10  el_after_av_textblock  el_before_av_textblock '><h3 class='av-special-heading-tag '  itemprop=\"headline\"  >What do we use your data for, and why are we allowed to do so?<\/h3><div class=\"special-heading-border\"><div class=\"special-heading-inner-border\"><\/div><\/div><\/div>\n<section  class='av_textblock_section av-mdpnq44d-6299377b3025751510de120f13fcf8e0 '   itemscope=\"itemscope\" itemtype=\"https:\/\/schema.org\/CreativeWork\" ><div class='avia_textblock'  itemprop=\"text\" ><p>We use your data for the following purposes:<\/p>\n<ul>\n<li>To keep in touch with you: So that we can communicate with you regarding your request for a quote (also for the preparation of a possible contract or based on our legitimate interest).<\/li>\n<li>Handling legal matters: To enforce or defend legal claims, if necessary (our legitimate interest)<\/li>\n<\/ul>\n<\/div><\/section>\n\n<style type=\"text\/css\" data-created_by=\"avia_inline_auto\" id=\"style-css-av-mdpnqmnl-83914396fabbc24b9368c410f7926340\">\n#top .av-special-heading.av-mdpnqmnl-83914396fabbc24b9368c410f7926340{\npadding-bottom:10px;\n}\nbody .av-special-heading.av-mdpnqmnl-83914396fabbc24b9368c410f7926340 .av-special-heading-tag .heading-char{\nfont-size:25px;\n}\n.av-special-heading.av-mdpnqmnl-83914396fabbc24b9368c410f7926340 .av-subheading{\nfont-size:15px;\n}\n<\/style>\n<div  class='av-special-heading av-mdpnqmnl-83914396fabbc24b9368c410f7926340 av-special-heading-h3 blockquote modern-quote  avia-builder-el-12  el_after_av_textblock  el_before_av_textblock '><h3 class='av-special-heading-tag '  itemprop=\"headline\"  >Who has access to your data?<\/h3><div class=\"special-heading-border\"><div class=\"special-heading-inner-border\"><\/div><\/div><\/div>\n<section  class='av_textblock_section av-mdpnr1c7-39f3a8b73dad7cda99b17c2e935c4df2 '   itemscope=\"itemscope\" itemtype=\"https:\/\/schema.org\/CreativeWork\" ><div class='avia_textblock'  itemprop=\"text\" ><p>Your data may only be accessed by certain external companies (processors) who assist us in processing (e.g. IT service providers).<\/p>\n<p>We only transfer your data to other third parties if you have expressly consented to this, or if required by law. It is important to know that due to the use of Google and Microsoft services, your data may be transferred outside the European Economic Area (EEA), typically to the USA. The security of data transfer is ensured by special contracts (general contractual terms and conditions).<\/p>\n<\/div><\/section>\n\n<style type=\"text\/css\" data-created_by=\"avia_inline_auto\" id=\"style-css-av-mdpnrl9b-6c45223ce871b70d21dba302d575a463\">\n#top .av-special-heading.av-mdpnrl9b-6c45223ce871b70d21dba302d575a463{\npadding-bottom:10px;\n}\nbody .av-special-heading.av-mdpnrl9b-6c45223ce871b70d21dba302d575a463 .av-special-heading-tag .heading-char{\nfont-size:25px;\n}\n.av-special-heading.av-mdpnrl9b-6c45223ce871b70d21dba302d575a463 .av-subheading{\nfont-size:15px;\n}\n<\/style>\n<div  class='av-special-heading av-mdpnrl9b-6c45223ce871b70d21dba302d575a463 av-special-heading-h3 blockquote modern-quote  avia-builder-el-14  el_after_av_textblock  el_before_av_textblock '><h3 class='av-special-heading-tag '  itemprop=\"headline\"  >How long do we retain your data?<\/h3><div class=\"special-heading-border\"><div class=\"special-heading-inner-border\"><\/div><\/div><\/div>\n<section  class='av_textblock_section av-mdpnrw9z-d85372162ed8f53f4099ea904057d861 '   itemscope=\"itemscope\" itemtype=\"https:\/\/schema.org\/CreativeWork\" ><div class='avia_textblock'  itemprop=\"text\" ><ul>\n<li>After you contact us \u2013 if no contract or cooperation is established \u2013 we store your data for a maximum of 1 year, or until you withdraw your consent. After this, the data is erased.<\/li>\n<li>If a contract or cooperation is established as a result of such contact, we process and store the data in accordance with the legal requirements relating to the contract. In this case, we provide separate information about processing.<\/li>\n<\/ul>\n<\/div><\/section>\n\n<style type=\"text\/css\" data-created_by=\"avia_inline_auto\" id=\"style-css-av-mdpnsd3k-818a803e086f234c652d38bacdc138d2\">\n#top .av-special-heading.av-mdpnsd3k-818a803e086f234c652d38bacdc138d2{\npadding-bottom:10px;\n}\nbody .av-special-heading.av-mdpnsd3k-818a803e086f234c652d38bacdc138d2 .av-special-heading-tag .heading-char{\nfont-size:25px;\n}\n.av-special-heading.av-mdpnsd3k-818a803e086f234c652d38bacdc138d2 .av-subheading{\nfont-size:15px;\n}\n<\/style>\n<div  class='av-special-heading av-mdpnsd3k-818a803e086f234c652d38bacdc138d2 av-special-heading-h3 blockquote modern-quote  avia-builder-el-16  el_after_av_textblock  el_before_av_textblock '><h3 class='av-special-heading-tag '  itemprop=\"headline\"  >What rights do you have regarding your data?<\/h3><div class=\"special-heading-border\"><div class=\"special-heading-inner-border\"><\/div><\/div><\/div>\n<section  class='av_textblock_section av-mdpntdij-32aac617c18753450ffe83389e925ae7 '   itemscope=\"itemscope\" itemtype=\"https:\/\/schema.org\/CreativeWork\" ><div class='avia_textblock'  itemprop=\"text\" ><p>You have several rights concerning the processing of your data:<\/p>\n<ul>\n<li>You have the right to obtain information: You can find out what data we process about you and how.<\/li>\n<li>You may request the rectification of your data: If something is inaccurate, you can have it corrected.<\/li>\n<li>You may request the erasure of your data: In certain cases, you may request that we erase your data.<\/li>\n<li>You may request the restriction of processing: If you dispute the accuracy of the data or the lawfulness of processing, you may request that we only store the data and not use it.<\/li>\n<li>You may request the transfer of data (data portability): In certain cases, you may request to receive the data you have provided in a machine-readable format and transfer it to another company.<\/li>\n<li>You may object: If processing is based on legitimate interest, you may object to it.<\/li>\n<li>You may withdraw your consent: If processing was based on your permission (e.g. for future contact), you may withdraw consent at any time. Such withdrawal does not affect the lawfulness of processing carried out before withdrawal.<\/li>\n<li>You may lodge a complaint: If you feel that your rights have been infringed upon, you may lodge a complaint with the Hungarian National Authority for Data Protection and Freedom of Information (NAIH).\n<ul>\n<li>NAIH contact details:\n<ul>\n<li>Address: H-1055 Budapest, Falk Miksa utca 9-11<\/li>\n<li>Phone: +36 (1) 391-1400<\/li>\n<li>Email: ugyfelszolgalat@naih.hu<\/li>\n<li>Website: <a href=\"https:\/\/naih.hu\/\">https:\/\/naih.hu<\/a><\/li>\n<\/ul>\n<\/li>\n<\/ul>\n<\/li>\n<\/ul>\n<\/div><\/section>\n\n<style type=\"text\/css\" data-created_by=\"avia_inline_auto\" id=\"style-css-av-mdpntsh6-89413ebf97e7c8dd9018325b3fb6b628\">\n#top .av-special-heading.av-mdpntsh6-89413ebf97e7c8dd9018325b3fb6b628{\npadding-bottom:10px;\n}\nbody .av-special-heading.av-mdpntsh6-89413ebf97e7c8dd9018325b3fb6b628 .av-special-heading-tag .heading-char{\nfont-size:25px;\n}\n.av-special-heading.av-mdpntsh6-89413ebf97e7c8dd9018325b3fb6b628 .av-subheading{\nfont-size:15px;\n}\n<\/style>\n<div  class='av-special-heading av-mdpntsh6-89413ebf97e7c8dd9018325b3fb6b628 av-special-heading-h3 blockquote modern-quote  avia-builder-el-18  el_after_av_textblock  el_before_av_textblock '><h3 class='av-special-heading-tag '  itemprop=\"headline\"  >What should you do if you have a question?<\/h3><div class=\"special-heading-border\"><div class=\"special-heading-inner-border\"><\/div><\/div><\/div>\n<section  class='av_textblock_section av-mdpnui1r-93079fb4894af9c432d07a12944ac1c1 '   itemscope=\"itemscope\" itemtype=\"https:\/\/schema.org\/CreativeWork\" ><div class='avia_textblock'  itemprop=\"text\" ><p>If you have any questions regarding your rights or processing, please contact us at the email address or phone number provided below. We respond to your request as soon as possible, but no later than within 30 days.<\/p>\n<\/div><\/section>\n\n<style type=\"text\/css\" data-created_by=\"avia_inline_auto\" id=\"style-css-av-mdpnuzsb-1f000216053363478a3a799789af4f29\">\n#top .av-special-heading.av-mdpnuzsb-1f000216053363478a3a799789af4f29{\npadding-bottom:10px;\n}\nbody .av-special-heading.av-mdpnuzsb-1f000216053363478a3a799789af4f29 .av-special-heading-tag .heading-char{\nfont-size:25px;\n}\n.av-special-heading.av-mdpnuzsb-1f000216053363478a3a799789af4f29 .av-subheading{\nfont-size:15px;\n}\n<\/style>\n<div  class='av-special-heading av-mdpnuzsb-1f000216053363478a3a799789af4f29 av-special-heading-h3 blockquote modern-quote  avia-builder-el-20  el_after_av_textblock  el_before_av_textblock '><h3 class='av-special-heading-tag '  itemprop=\"headline\"  >Changes to this notice<\/h3><div class=\"special-heading-border\"><div class=\"special-heading-inner-border\"><\/div><\/div><\/div>\n<section  class='av_textblock_section av-mdpnvn1d-ef0391581a2cb4fcd4b13724f739b54f '   itemscope=\"itemscope\" itemtype=\"https:\/\/schema.org\/CreativeWork\" ><div class='avia_textblock'  itemprop=\"text\" ><p>We reserve the right to amend this notice from time to time. We inform you of any changes on our website or by other appropriate means. Please check the current version regularly.<\/p>\n<\/div><\/section>\n\n<style type=\"text\/css\" data-created_by=\"avia_inline_auto\" id=\"style-css-av-mdpnw5xr-a616028948877285d1a8a11b22f540e2\">\n#top .av-special-heading.av-mdpnw5xr-a616028948877285d1a8a11b22f540e2{\npadding-bottom:10px;\n}\nbody .av-special-heading.av-mdpnw5xr-a616028948877285d1a8a11b22f540e2 .av-special-heading-tag .heading-char{\nfont-size:25px;\n}\n.av-special-heading.av-mdpnw5xr-a616028948877285d1a8a11b22f540e2 .av-subheading{\nfont-size:15px;\n}\n<\/style>\n<div  class='av-special-heading av-mdpnw5xr-a616028948877285d1a8a11b22f540e2 av-special-heading-h3 blockquote modern-quote  avia-builder-el-22  el_after_av_textblock  el_before_av_textblock '><h3 class='av-special-heading-tag '  itemprop=\"headline\"  >Our contact details<\/h3><div class=\"special-heading-border\"><div class=\"special-heading-inner-border\"><\/div><\/div><\/div>\n<section  class='av_textblock_section av-mdpnwre0-ad8503d453c40ddc1f5da3f6a3edee90 '   itemscope=\"itemscope\" itemtype=\"https:\/\/schema.org\/CreativeWork\" ><div class='avia_textblock'  itemprop=\"text\" ><p>DOCCA Zrt.<\/p>\n<p>Head office: H-1123 Budapest, Gy\u0151ri \u00fat 2\/C, 2. emelet 6<\/p>\n<p>Phone: +36 20 424 50 71<\/p>\n<p>email address: <a href=\"mailto:rendszergazda-szolgaltatas2@docca.hu\">rendszergazda-<\/a><a href=\"mailto:rendszergazda-szolgaltatas2@docca.hu\">szolgaltatas2<\/a><a href=\"mailto:rendszergazda-szolgaltatas2@docca.hu\">@docca.hu<\/a><\/p>\n<\/div><\/section>\n<\/div><\/div><\/main><!-- close content main element --><\/div><\/div><div id='after_section_1'  class='main_color av_default_container_wrap container_wrap sidebar_right'  ><div class='container av-section-cont-open' ><div class='template-page content  av-content-small alpha units'><div class='post-entry post-entry-type-page post-entry-6187'><div class='entry-content-wrapper clearfix'>\n","protected":false},"excerpt":{"rendered":"","protected":false},"author":7,"featured_media":0,"parent":0,"menu_order":0,"comment_status":"closed","ping_status":"closed","template":"","meta":{"footnotes":""},"class_list":["post-6187","page","type-page","status-publish","hentry"],"yoast_head":"<!-- This site is optimized with the Yoast SEO plugin v27.2 - https:\/\/yoast.com\/product\/yoast-seo-wordpress\/ -->\n<title>Adatkezel\u00e9si nyilatkozat - Rendszergazda szolg\u00e1ltat\u00e1s<\/title>\n<meta name=\"robots\" content=\"noindex, nofollow\" \/>\n<meta property=\"og:locale\" content=\"en_US\" \/>\n<meta property=\"og:type\" content=\"article\" \/>\n<meta property=\"og:title\" content=\"Adatkezel\u00e9si nyilatkozat - Rendszergazda szolg\u00e1ltat\u00e1s\" \/>\n<meta property=\"og:url\" content=\"https:\/\/docca.hu\/en\/privacy-policy-and-consent\/\" \/>\n<meta property=\"og:site_name\" content=\"Rendszergazda szolg\u00e1ltat\u00e1s\" \/>\n<meta property=\"article:publisher\" content=\"https:\/\/www.facebook.com\/DoccaZrt\" \/>\n<meta property=\"article:modified_time\" content=\"2025-10-28T07:41:35+00:00\" \/>\n<meta name=\"twitter:card\" content=\"summary_large_image\" \/>\n<meta name=\"twitter:label1\" content=\"Est. reading time\" \/>\n\t<meta name=\"twitter:data1\" content=\"5 minutes\" \/>\n<script type=\"application\/ld+json\" class=\"yoast-schema-graph\">{\"@context\":\"https:\/\/schema.org\",\"@graph\":[{\"@type\":\"WebPage\",\"@id\":\"https:\/\/docca.hu\/en\/privacy-policy-and-consent\/\",\"url\":\"https:\/\/docca.hu\/en\/privacy-policy-and-consent\/\",\"name\":\"Adatkezel\u00e9si nyilatkozat - Rendszergazda szolg\u00e1ltat\u00e1s\",\"isPartOf\":{\"@id\":\"https:\/\/docca.hu\/#website\"},\"datePublished\":\"2025-08-01T07:16:36+00:00\",\"dateModified\":\"2025-10-28T07:41:35+00:00\",\"breadcrumb\":{\"@id\":\"https:\/\/docca.hu\/en\/privacy-policy-and-consent\/#breadcrumb\"},\"inLanguage\":\"en-US\",\"potentialAction\":[{\"@type\":\"ReadAction\",\"target\":[\"https:\/\/docca.hu\/en\/privacy-policy-and-consent\/\"]}]},{\"@type\":\"BreadcrumbList\",\"@id\":\"https:\/\/docca.hu\/en\/privacy-policy-and-consent\/#breadcrumb\",\"itemListElement\":[{\"@type\":\"ListItem\",\"position\":1,\"name\":\"Home\",\"item\":\"https:\/\/docca.hu\/en\/\"},{\"@type\":\"ListItem\",\"position\":2,\"name\":\"Adatkezel\u00e9si nyilatkozat\"}]},{\"@type\":\"WebSite\",\"@id\":\"https:\/\/docca.hu\/#website\",\"url\":\"https:\/\/docca.hu\/\",\"name\":\"Rendszergazda szolg\u00e1ltat\u00e1s\",\"description\":\"\",\"publisher\":{\"@id\":\"https:\/\/docca.hu\/#organization\"},\"potentialAction\":[{\"@type\":\"SearchAction\",\"target\":{\"@type\":\"EntryPoint\",\"urlTemplate\":\"https:\/\/docca.hu\/?s={search_term_string}\"},\"query-input\":{\"@type\":\"PropertyValueSpecification\",\"valueRequired\":true,\"valueName\":\"search_term_string\"}}],\"inLanguage\":\"en-US\"},{\"@type\":\"Organization\",\"@id\":\"https:\/\/docca.hu\/#organization\",\"name\":\"DOCCA Zrt.\",\"url\":\"https:\/\/docca.hu\/\",\"logo\":{\"@type\":\"ImageObject\",\"inLanguage\":\"en-US\",\"@id\":\"https:\/\/docca.hu\/#\/schema\/logo\/image\/\",\"url\":\"https:\/\/docca.hu\/wp-content\/uploads\/2023\/12\/doccanagy-300x132-300x132-1.png\",\"contentUrl\":\"https:\/\/docca.hu\/wp-content\/uploads\/2023\/12\/doccanagy-300x132-300x132-1.png\",\"width\":300,\"height\":132,\"caption\":\"DOCCA Zrt.\"},\"image\":{\"@id\":\"https:\/\/docca.hu\/#\/schema\/logo\/image\/\"},\"sameAs\":[\"https:\/\/www.facebook.com\/DoccaZrt\"]}]}<\/script>\n<!-- \/ Yoast SEO plugin. -->","yoast_head_json":{"title":"Adatkezel\u00e9si nyilatkozat - Rendszergazda szolg\u00e1ltat\u00e1s","robots":{"index":"noindex","follow":"nofollow"},"og_locale":"en_US","og_type":"article","og_title":"Adatkezel\u00e9si nyilatkozat - Rendszergazda szolg\u00e1ltat\u00e1s","og_url":"https:\/\/docca.hu\/en\/privacy-policy-and-consent\/","og_site_name":"Rendszergazda szolg\u00e1ltat\u00e1s","article_publisher":"https:\/\/www.facebook.com\/DoccaZrt","article_modified_time":"2025-10-28T07:41:35+00:00","twitter_card":"summary_large_image","twitter_misc":{"Est. reading time":"5 minutes"},"schema":{"@context":"https:\/\/schema.org","@graph":[{"@type":"WebPage","@id":"https:\/\/docca.hu\/en\/privacy-policy-and-consent\/","url":"https:\/\/docca.hu\/en\/privacy-policy-and-consent\/","name":"Adatkezel\u00e9si nyilatkozat - Rendszergazda szolg\u00e1ltat\u00e1s","isPartOf":{"@id":"https:\/\/docca.hu\/#website"},"datePublished":"2025-08-01T07:16:36+00:00","dateModified":"2025-10-28T07:41:35+00:00","breadcrumb":{"@id":"https:\/\/docca.hu\/en\/privacy-policy-and-consent\/#breadcrumb"},"inLanguage":"en-US","potentialAction":[{"@type":"ReadAction","target":["https:\/\/docca.hu\/en\/privacy-policy-and-consent\/"]}]},{"@type":"BreadcrumbList","@id":"https:\/\/docca.hu\/en\/privacy-policy-and-consent\/#breadcrumb","itemListElement":[{"@type":"ListItem","position":1,"name":"Home","item":"https:\/\/docca.hu\/en\/"},{"@type":"ListItem","position":2,"name":"Adatkezel\u00e9si nyilatkozat"}]},{"@type":"WebSite","@id":"https:\/\/docca.hu\/#website","url":"https:\/\/docca.hu\/","name":"Rendszergazda szolg\u00e1ltat\u00e1s","description":"","publisher":{"@id":"https:\/\/docca.hu\/#organization"},"potentialAction":[{"@type":"SearchAction","target":{"@type":"EntryPoint","urlTemplate":"https:\/\/docca.hu\/?s={search_term_string}"},"query-input":{"@type":"PropertyValueSpecification","valueRequired":true,"valueName":"search_term_string"}}],"inLanguage":"en-US"},{"@type":"Organization","@id":"https:\/\/docca.hu\/#organization","name":"DOCCA Zrt.","url":"https:\/\/docca.hu\/","logo":{"@type":"ImageObject","inLanguage":"en-US","@id":"https:\/\/docca.hu\/#\/schema\/logo\/image\/","url":"https:\/\/docca.hu\/wp-content\/uploads\/2023\/12\/doccanagy-300x132-300x132-1.png","contentUrl":"https:\/\/docca.hu\/wp-content\/uploads\/2023\/12\/doccanagy-300x132-300x132-1.png","width":300,"height":132,"caption":"DOCCA Zrt."},"image":{"@id":"https:\/\/docca.hu\/#\/schema\/logo\/image\/"},"sameAs":["https:\/\/www.facebook.com\/DoccaZrt"]}]}},"_links":{"self":[{"href":"https:\/\/docca.hu\/en\/wp-json\/wp\/v2\/pages\/6187","targetHints":{"allow":["GET"]}}],"collection":[{"href":"https:\/\/docca.hu\/en\/wp-json\/wp\/v2\/pages"}],"about":[{"href":"https:\/\/docca.hu\/en\/wp-json\/wp\/v2\/types\/page"}],"author":[{"embeddable":true,"href":"https:\/\/docca.hu\/en\/wp-json\/wp\/v2\/users\/7"}],"replies":[{"embeddable":true,"href":"https:\/\/docca.hu\/en\/wp-json\/wp\/v2\/comments?post=6187"}],"version-history":[{"count":5,"href":"https:\/\/docca.hu\/en\/wp-json\/wp\/v2\/pages\/6187\/revisions"}],"predecessor-version":[{"id":6896,"href":"https:\/\/docca.hu\/en\/wp-json\/wp\/v2\/pages\/6187\/revisions\/6896"}],"wp:attachment":[{"href":"https:\/\/docca.hu\/en\/wp-json\/wp\/v2\/media?parent=6187"}],"curies":[{"name":"wp","href":"https:\/\/api.w.org\/{rel}","templated":true}]}}